{"id":2,"date":"2025-03-11T18:49:48","date_gmt":"2025-03-11T17:49:48","guid":{"rendered":"http:\/\/beta.garage-robert.fr\/?page_id=2"},"modified":"2025-03-12T15:49:04","modified_gmt":"2025-03-12T14:49:04","slug":"page-d-exemple","status":"publish","type":"page","link":"https:\/\/beta.garage-robert.fr\/?page_id=2","title":{"rendered":"Accueil"},"content":{"rendered":"\t\t<div data-elementor-type=\"wp-page\" data-elementor-id=\"2\" class=\"elementor elementor-2\" data-elementor-post-type=\"page\">\n\t\t\t\t<div class=\"elementor-element elementor-element-2bc02a8 e-grid e-con-boxed e-con e-parent\" data-id=\"2bc02a8\" data-element_type=\"container\" data-e-type=\"container\" data-settings=\"{&quot;background_background&quot;:&quot;slideshow&quot;,&quot;background_slideshow_gallery&quot;:[{&quot;id&quot;:44,&quot;url&quot;:&quot;https:\\\/\\\/beta.garage-robert.fr\\\/wp-content\\\/uploads\\\/2025\\\/03\\\/MY25_Diesel_Range.png&quot;},{&quot;id&quot;:59,&quot;url&quot;:&quot;https:\\\/\\\/beta.garage-robert.fr\\\/wp-content\\\/uploads\\\/2025\\\/03\\\/SK25_Verfuegbarkeit_ver04_SZ.jpg&quot;},{&quot;id&quot;:58,&quot;url&quot;:&quot;https:\\\/\\\/beta.garage-robert.fr\\\/wp-content\\\/uploads\\\/2025\\\/03\\\/MAN_TGX_TGE_MY039-25_sRGB.jpg&quot;},{&quot;id&quot;:60,&quot;url&quot;:&quot;https:\\\/\\\/beta.garage-robert.fr\\\/wp-content\\\/uploads\\\/2025\\\/03\\\/SK25_Fernverkehr_Kueste_ver01_SZ.jpg&quot;},{&quot;id&quot;:61,&quot;url&quot;:&quot;https:\\\/\\\/beta.garage-robert.fr\\\/wp-content\\\/uploads\\\/2025\\\/03\\\/TGS-540-hp-badge-update_4.jpg&quot;},{&quot;id&quot;:62,&quot;url&quot;:&quot;https:\\\/\\\/beta.garage-robert.fr\\\/wp-content\\\/uploads\\\/2025\\\/03\\\/MAN-TGE-Next-Level_TGE-Gruppen_302111.jpg&quot;}],&quot;background_slideshow_slide_duration&quot;:9000,&quot;background_slideshow_slide_transition&quot;:&quot;slide_left&quot;,&quot;background_slideshow_loop&quot;:&quot;yes&quot;,&quot;background_slideshow_transition_duration&quot;:500}\">\n\t\t\t\t\t<div class=\"e-con-inner\">\n\t\t<div class=\"elementor-element elementor-element-e5ee179 e-con-full e-flex e-con e-child\" data-id=\"e5ee179\" data-element_type=\"container\" data-e-type=\"container\">\n\t\t\t\t<div class=\"elementor-element elementor-element-be9915a elementor-widget elementor-widget-heading\" data-id=\"be9915a\" data-element_type=\"widget\" data-e-type=\"widget\" data-widget_type=\"heading.default\">\n\t\t\t\t<div class=\"elementor-widget-container\">\n\t\t\t\t\t<h2 class=\"elementor-heading-title elementor-size-default\">Bienvenue sur le site web du Garage Robert<\/h2>\t\t\t\t<\/div>\n\t\t\t\t<\/div>\n\t\t\t\t<div class=\"elementor-element elementor-element-9d09669 elementor-widget elementor-widget-text-editor\" data-id=\"9d09669\" data-element_type=\"widget\" data-e-type=\"widget\" data-widget_type=\"text-editor.default\">\n\t\t\t\t<div class=\"elementor-widget-container\">\n\t\t\t\t\t\t\t\t\t<p>Bienvenue sur le site web du Garage ROBERT. Nous sommes un garage poids lourds situ\u00e9 \u00e0 Vagney dans les Vosges (Lorraine).<\/p><p>Nous r\u00e9parateur agr\u00e9\u00e9 MAN \u00bb et certifi\u00e9 ISO-9001.<\/p><p>Vous trouverez une \u00e9quipe comp\u00e9tente \u00e0 l&rsquo;atelier comme au magasin pour l&rsquo;entretien et la r\u00e9paration de vos v\u00e9hicules de la marque MAN mais aussi tout les autres.<\/p>\t\t\t\t\t\t\t\t<\/div>\n\t\t\t\t<\/div>\n\t\t\t\t<\/div>\n\t\t\t\t<div class=\"elementor-element elementor-element-764c239 elementor-view-default elementor-widget elementor-widget-icon\" data-id=\"764c239\" data-element_type=\"widget\" data-e-type=\"widget\" data-widget_type=\"icon.default\">\n\t\t\t\t<div class=\"elementor-widget-container\">\n\t\t\t\t\t\t\t<div class=\"elementor-icon-wrapper\">\n\t\t\t<div class=\"elementor-icon\">\n\t\t\t<svg xmlns=\"http:\/\/www.w3.org\/2000\/svg\" id=\"Calque_2\" data-name=\"Calque 2\" viewBox=\"0 0 321.45 149.4\"><defs><style>      .cls-1 {        fill: #fff;      }      .cls-2 {        fill: #91b922;      }    <\/style><\/defs><g id=\"Logo\"><g id=\"GR_forme\" data-name=\"GR forme\"><path class=\"cls-2\" d=\"M309.36,28.57l-6.09,1.33-9.33,3.52-4.67,5.81-5.24,3.52-10,4.67-2.86-.57-7.05-1.81-6.95-.57-2.38-7.62-4.67,1.81-.57,8.19-3.52-3.52-6.38,4.67-6.38,2.29-7.62-.57-5.24,1.81-5.81-3.52-3.52,2.86h-8.76l-4.09,7.62-19.23,1.14-4.09-5.24-6.38-1.14.57-2.95,4.09-2.86-3.52-1.24-.57-9.33-8.76-.57-5.14,1.62-3.62,4.86-9.33,2.86v-3.43h-2.86v4l-11.71,2.38v5.24l-10.47,1.33-4,4,4.09,5.9,9.52.67,8.38,11.24h7.14l1.71,7.81,7.81,1.14,1.71,5.33-5.33,3.62-3.52,16.09,16.66,8.28v12.47l6.47-2.38,5.43,4.28,4.09-2.48-2.29-3.52,2.95-1.81,4.09,4.76,6-4.19,1.81-5.9,11.24-1.81,3.05,2.38-.57,6.57,7.71,5.9,4.76-.57,5.33-4.19h12.47l8.95,10.09h2.95l4.76-2.95.67-3.52,4.76-2.38,5.33,3.52,5.33,6,18.76,9.9,7.43-6.38.57-23.23,10.19-8.85,5.9-13.71-1.81-8.95,7.14-14.28,6.57-14.85-11.33-2.95-2.38-16.09,2.38-10.76-.76-.76Z\"><\/path><g><path class=\"cls-1\" d=\"M72.4,1.14h13.26l19.82,51.94h-12.38l-3.46-9.36h-21.22l-3.46,9.36h-12.38L72.4,1.14ZM79.03,14.99l-6.85,18.64h13.7l-6.85-18.64Z\"><\/path><path class=\"cls-1\" d=\"M171.26,1.14h13.26l19.82,51.94h-12.38l-3.46-9.36h-21.22l-3.46,9.36h-12.38L171.26,1.14ZM177.89,14.99l-6.85,18.64h13.7l-6.85-18.64Z\"><\/path><path class=\"cls-1\" d=\"M259.07,53.08V1.14h35.95v10.09h-24.53v10.76h22.1v10.17h-22.1v10.83h24.53v10.09h-35.95Z\"><\/path><path class=\"cls-1\" d=\"M58.47,74.04c5.56-5.53,12.5-8.3,20.81-8.3s15.24,2.77,20.77,8.3c5.53,5.54,8.3,12.62,8.3,21.26s-2.77,15.72-8.3,21.26c-5.53,5.53-12.46,8.3-20.77,8.3s-15.25-2.77-20.81-8.3c-5.56-5.53-8.34-12.62-8.34-21.26s2.78-15.72,8.34-21.26ZM91.27,83.07c-3.19-3.19-7.18-4.78-11.98-4.78s-8.8,1.59-11.99,4.78c-3.19,3.19-4.78,7.26-4.78,12.23s1.59,9.04,4.78,12.23c3.18,3.19,7.18,4.78,11.99,4.78s8.8-1.59,11.98-4.78c3.18-3.18,4.78-7.26,4.78-12.23s-1.59-9.04-4.78-12.23Z\"><\/path><path class=\"cls-1\" d=\"M113.22,66.71h16.76c14.09,0,21.14,5.45,21.14,16.36,0,2.59-.7,4.87-2.11,6.84-1.4,1.97-2.97,3.34-4.7,4.09,2.43.7,4.49,2.12,6.2,4.25,1.7,2.13,2.55,4.74,2.55,7.81,0,5.62-1.78,9.97-5.34,13.08-3.56,3.1-9.48,4.66-17.74,4.66h-16.76v-57.09ZM125.77,77.81v11.18h4.21c3.51,0,6.01-.38,7.49-1.13,1.48-.76,2.23-2.35,2.23-4.78,0-2.21-.73-3.65-2.19-4.29s-3.97-.97-7.53-.97h-4.21ZM125.77,100.16v12.55h4.21c3.94,0,6.88-.49,8.83-1.46,1.94-.97,2.92-2.7,2.92-5.18s-1.01-3.95-3.04-4.74c-2.02-.78-4.93-1.17-8.71-1.17h-4.21Z\"><\/path><path class=\"cls-1\" d=\"M157.92,123.81v-57.09h39.52v11.09h-26.97v11.82h24.29v11.18h-24.29v11.9h26.97v11.09h-39.52Z\"><\/path><path class=\"cls-1\" d=\"M250.32,66.71h44.7v11.09h-16.12v46h-12.55v-46h-16.03v-11.09Z\"><\/path><path class=\"cls-1\" d=\"M26.52,0c4.37,0,8.4.9,12.08,2.69,3.68,1.79,6.73,4.31,9.14,7.55l-8.99,7.07c-2.95-3.88-7.02-5.82-12.23-5.82-4.37,0-7.99,1.45-10.87,4.35-2.87,2.9-4.31,6.61-4.31,11.12s1.44,8.23,4.31,11.12c2.87,2.9,6.49,4.35,10.87,4.35,5.3,0,9.38-1.42,12.23-4.27v-5.6h-8.84s.29-6.7,3.8-8.25h14.99v19.3c-2.41,3.14-5.6,5.64-9.58,7.48-3.98,1.84-8.18,2.76-12.6,2.76-7.56,0-13.88-2.53-18.93-7.59C2.53,41.21,0,34.77,0,26.96S2.53,12.65,7.59,7.59C12.65,2.53,18.96,0,26.52,0Z\"><\/path><path class=\"cls-1\" d=\"M231.16,0c4.37,0,8.4.9,12.08,2.69,3.68,1.79,6.73,4.31,9.14,7.55l-8.99,7.07c-2.95-3.88-7.02-5.82-12.23-5.82-4.37,0-7.99,1.45-10.87,4.35-2.87,2.9-4.31,6.61-4.31,11.12s1.44,8.23,4.31,11.12c2.87,2.9,6.49,4.35,10.87,4.35,5.3,0,9.38-1.42,12.23-4.27v-5.6h-8.84s.29-6.7,3.8-8.25h14.99v19.3c-2.41,3.14-5.6,5.64-9.58,7.48-3.98,1.84-8.18,2.76-12.6,2.76-7.56,0-13.88-2.53-18.93-7.59-5.06-5.06-7.59-11.49-7.59-19.3s2.53-14.32,7.59-19.38c5.06-5.06,11.37-7.59,18.93-7.59Z\"><\/path><path class=\"cls-1\" d=\"M2.77,66.51h18.87c7.88,0,13.75,1.65,17.61,4.94,3.86,3.29,5.79,7.69,5.79,13.2,0,7.45-3.21,12.66-9.64,15.63l11.82,23.32s-10.45,1.13-14.31-5.3c-2.57-5.14-8.04-15.52-8.04-15.52-.7.05-1.78.08-3.24.08h-6.32v20.73H2.77v-57.09ZM15.32,77.61v14.17h6.32c4.1,0,7.14-.53,9.11-1.58,1.97-1.05,2.96-2.9,2.96-5.55s-.99-4.48-2.96-5.51c-1.97-1.02-5.01-1.54-9.11-1.54h-6.32Z\"><\/path><path class=\"cls-1\" d=\"M108.01.96h17.17c7.17,0,12.51,1.5,16.02,4.49,3.51,3,5.27,7,5.27,12.01,0,6.78-2.92,11.52-8.77,14.22l10.76,21.22s-9.51,1.03-13.02-4.82c-2.34-4.68-7.32-14.12-7.32-14.12-.64.05-1.62.07-2.95.07h-5.75v18.86h-11.42V.96ZM119.43,11.05v12.89h5.75c3.73,0,6.49-.48,8.29-1.44,1.79-.96,2.69-2.64,2.69-5.05s-.9-4.08-2.69-5.01c-1.79-.93-4.56-1.4-8.29-1.4h-5.75Z\"><\/path><path class=\"cls-1\" d=\"M203.3,66.51h18.87c7.88,0,13.75,1.65,17.61,4.94,3.86,3.29,5.79,7.69,5.79,13.2,0,7.45-3.21,12.66-9.64,15.63l11.82,23.32s-10.45,1.13-14.31-5.3c-2.57-5.14-8.04-15.52-8.04-15.52-.7.05-1.78.08-3.24.08h-6.32v20.73h-12.55v-57.09ZM215.85,77.61v14.17h6.32c4.1,0,7.14-.53,9.11-1.58,1.97-1.05,2.96-2.9,2.96-5.55s-.99-4.48-2.96-5.51c-1.97-1.02-5.01-1.54-9.11-1.54h-6.32Z\"><\/path><\/g><\/g><\/g><\/svg>\t\t\t<\/div>\n\t\t<\/div>\n\t\t\t\t\t\t<\/div>\n\t\t\t\t<\/div>\n\t\t\t\t\t<\/div>\n\t\t\t\t<\/div>\n\t\t<div class=\"elementor-element elementor-element-ca8f333 e-flex e-con-boxed e-con e-parent\" data-id=\"ca8f333\" data-element_type=\"container\" data-e-type=\"container\">\n\t\t\t\t\t<div class=\"e-con-inner\">\n\t\t\t\t<div class=\"elementor-element elementor-element-04b98a3 elementor-widget elementor-widget-heading\" data-id=\"04b98a3\" data-element_type=\"widget\" data-e-type=\"widget\" data-widget_type=\"heading.default\">\n\t\t\t\t<div class=\"elementor-widget-container\">\n\t\t\t\t\t<h2 class=\"elementor-heading-title elementor-size-default\">Nos actus<\/h2>\t\t\t\t<\/div>\n\t\t\t\t<\/div>\n\t\t\t\t\t<\/div>\n\t\t\t\t<\/div>\n\t\t\t\t<\/div>\n\t\t","protected":false},"excerpt":{"rendered":"<p>Bienvenue sur le site web du Garage Robert Bienvenue sur le site web du Garage ROBERT. Nous sommes un garage poids lourds situ\u00e9 \u00e0 Vagney dans les Vosges (Lorraine). Nous r\u00e9parateur agr\u00e9\u00e9 MAN \u00bb et certifi\u00e9 ISO-9001. Vous trouverez une \u00e9quipe comp\u00e9tente \u00e0 l&rsquo;atelier comme au magasin pour l&rsquo;entretien et la r\u00e9paration de vos v\u00e9hicules [&hellip;]<\/p>\n","protected":false},"author":1,"featured_media":0,"parent":0,"menu_order":0,"comment_status":"closed","ping_status":"open","template":"","meta":{"footnotes":""},"class_list":["post-2","page","type-page","status-publish","hentry"],"_links":{"self":[{"href":"https:\/\/beta.garage-robert.fr\/index.php?rest_route=\/wp\/v2\/pages\/2","targetHints":{"allow":["GET"]}}],"collection":[{"href":"https:\/\/beta.garage-robert.fr\/index.php?rest_route=\/wp\/v2\/pages"}],"about":[{"href":"https:\/\/beta.garage-robert.fr\/index.php?rest_route=\/wp\/v2\/types\/page"}],"author":[{"embeddable":true,"href":"https:\/\/beta.garage-robert.fr\/index.php?rest_route=\/wp\/v2\/users\/1"}],"replies":[{"embeddable":true,"href":"https:\/\/beta.garage-robert.fr\/index.php?rest_route=%2Fwp%2Fv2%2Fcomments&post=2"}],"version-history":[{"count":15,"href":"https:\/\/beta.garage-robert.fr\/index.php?rest_route=\/wp\/v2\/pages\/2\/revisions"}],"predecessor-version":[{"id":69,"href":"https:\/\/beta.garage-robert.fr\/index.php?rest_route=\/wp\/v2\/pages\/2\/revisions\/69"}],"wp:attachment":[{"href":"https:\/\/beta.garage-robert.fr\/index.php?rest_route=%2Fwp%2Fv2%2Fmedia&parent=2"}],"curies":[{"name":"wp","href":"https:\/\/api.w.org\/{rel}","templated":true}]}}